{"id":33130,"date":"2023-07-29T09:15:15","date_gmt":"2023-07-29T09:15:15","guid":{"rendered":"https:\/\/saravialaw.com\/?page_id=33130"},"modified":"2023-07-29T09:56:15","modified_gmt":"2023-07-29T09:56:15","slug":"cookie-policy","status":"publish","type":"page","link":"https:\/\/saravialaw.com\/pt\/cookie-policy\/","title":{"rendered":"Pol\u00edtica de Cookies"},"content":{"rendered":"<div data-elementor-type=\"wp-page\" data-elementor-id=\"33130\" class=\"elementor elementor-33130\" data-elementor-post-type=\"page\">\n\t\t\t\t\t\t<section class=\"elementor-section elementor-top-section elementor-element elementor-element-e294c26 elementor-section-boxed elementor-section-height-default elementor-section-height-default sc_fly_static\" data-id=\"e294c26\" data-element_type=\"section\" data-settings=\"{&quot;background_background&quot;:&quot;classic&quot;}\">\n\t\t\t\t\t\t\t<div class=\"elementor-background-overlay\"><\/div>\n\t\t\t\t\t\t\t<div class=\"elementor-container elementor-column-gap-extended\">\n\t\t\t\t\t<div class=\"elementor-column elementor-col-100 elementor-top-column elementor-element elementor-element-ca7b38f sc_content_align_inherit sc_layouts_column_icons_position_left sc_fly_static\" data-id=\"ca7b38f\" data-element_type=\"column\">\n\t\t\t<div class=\"elementor-widget-wrap elementor-element-populated\">\n\t\t\t\t\t\t\t<\/div>\n\t\t<\/div>\n\t\t\t\t\t<\/div>\n\t\t<\/section>\n\t\t\t\t<section class=\"elementor-section elementor-top-section elementor-element elementor-element-8008fa4 elementor-section-boxed elementor-section-height-default elementor-section-height-default sc_fly_static\" data-id=\"8008fa4\" data-element_type=\"section\" data-settings=\"{&quot;background_background&quot;:&quot;classic&quot;}\">\n\t\t\t\t\t\t<div class=\"elementor-container elementor-column-gap-extended\">\n\t\t\t\t\t<div class=\"elementor-column elementor-col-100 elementor-top-column elementor-element elementor-element-53b5347 sc_content_align_inherit sc_layouts_column_icons_position_left sc_fly_static\" data-id=\"53b5347\" data-element_type=\"column\">\n\t\t\t<div class=\"elementor-widget-wrap elementor-element-populated\">\n\t\t\t\t\t\t<div class=\"elementor-element elementor-element-30ce63c sc_fly_static elementor-widget elementor-widget-text-editor\" data-id=\"30ce63c\" data-element_type=\"widget\" data-widget_type=\"text-editor.default\">\n\t\t\t\t<div class=\"elementor-widget-container\">\n\t\t\t\t\t\t\t\t\t<h4>O que s\u00e3o biscoitos?<\/h4><p>Cookies s\u00e3o pequenos peda\u00e7os de dados, armazenados em arquivos de texto, que s\u00e3o armazenados no seu computador ou outro dispositivo quando sites s\u00e3o carregados em um navegador. Eles s\u00e3o amplamente usados para \u201clembrar\u201d voc\u00ea e suas prefer\u00eancias, seja para uma \u00fanica visita (atrav\u00e9s de um \u201ccookie de sess\u00e3o\u201d) ou para m\u00faltiplas visitas repetidas (usando um \u201ccookie persistente\u201d). Eles garantem uma experi\u00eancia consistente e eficiente para os visitantes e executam fun\u00e7\u00f5es essenciais, como permitir que os usu\u00e1rios se registrem e permane\u00e7am conectados. Os cookies podem ser definidos pelo site que voc\u00ea est\u00e1 visitando (conhecidos como \u201ccookies prim\u00e1rios\u201d) ou por terceiros , como aqueles que veiculam conte\u00fado ou fornecem servi\u00e7os de publicidade ou an\u00e1lise no site (\u201ccookies de terceiros\u201d).<\/p><p>Tanto os sites quanto os e-mails em HTML tamb\u00e9m podem conter outras tecnologias de rastreamento, como \u201cweb beacons\u201d ou \u201cpixels\u201d. Normalmente s\u00e3o pequenas imagens transparentes que nos fornecem estat\u00edsticas, para fins semelhantes aos dos cookies. Eles s\u00e3o frequentemente usados em conjunto com cookies, embora n\u00e3o sejam armazenados no seu computador da mesma forma que os cookies. Como resultado, se voc\u00ea desabilitar os cookies, os web beacons ainda poder\u00e3o ser carregados, mas sua funcionalidade ser\u00e1 restrita.<\/p><p>Os cookies Flash, tamb\u00e9m conhecidos como objetos compartilhados locais, s\u00e3o projetados para oferecer suporte ao conte\u00fado do navegador compat\u00edvel com Adobe\u00ae Flash. Eles geralmente s\u00e3o usados para ativar an\u00fancios e conte\u00fado de v\u00eddeo em sites. Como outros cookies, eles armazenar\u00e3o informa\u00e7\u00f5es no seu dispositivo, algumas das quais ser\u00e3o espec\u00edficas do conte\u00fado habilitado para Flash. Os cookies Flash s\u00f3 podem ser exclu\u00eddos no Adobe Flash e n\u00e3o atrav\u00e9s do seu navegador. Consulte a seguinte p\u00e1gina de ajuda para obter informa\u00e7\u00f5es sobre como gerenciar suas configura\u00e7\u00f5es de privacidade e exclus\u00e3o de cookies Flash: http:\/\/www.macromedia.com\/support\/documentation\/en\/flashplayer\/help\/settings_manager.html.<\/p><h4>Como usamos cookies<\/h4><p>Utilizamos cookies para diversos fins. Alguns cookies s\u00e3o necess\u00e1rios por motivos t\u00e9cnicos; alguns permitem uma experi\u00eancia personalizada tanto para visitantes quanto para usu\u00e1rios registrados; e alguns permitem a exibi\u00e7\u00e3o de publicidade de redes de terceiros selecionadas. Alguns destes cookies podem ser definidos quando uma p\u00e1gina \u00e9 carregada ou quando um usu\u00e1rio realiza uma a\u00e7\u00e3o espec\u00edfica em um de nossos Servi\u00e7os. Muitos dos cookies que utilizamos s\u00f3 s\u00e3o definidos se for um utilizador registado, enquanto outros s\u00e3o definidos sempre que visita ou utiliza um dos nossos Servi\u00e7os (independentemente de ter ou n\u00e3o uma conta). Para obter mais informa\u00e7\u00f5es sobre as op\u00e7\u00f5es que voc\u00ea tem sobre os cookies que usamos, consulte a se\u00e7\u00e3o intitulada Controle de cookies abaixo.<\/p><h4>Onde colocamos os cookies\n\u200b<\/h4><p>Definimos cookies em v\u00e1rios locais diferentes em nossos servi\u00e7os. Esses locais podem incluir:<\/p><ul><li>Nossos sites (incluindo tr.com e reuters.com) e outros Servi\u00e7os;<\/li><li>Nossos aplicativos m\u00f3veis;<\/li><li>Os e-mails que enviamos.<\/li><\/ul><h4>Tipos de biscoitos<\/h4><p>Os pontos abaixo descrevem os tipos de cookies que usamos em nossos Servi\u00e7os e por que os usamos. Tamb\u00e9m fornecemos explica\u00e7\u00f5es sobre sua(s) finalidade(s).<\/p><ul><li>Estritamente necess\u00e1rio. Esses cookies s\u00e3o essenciais para que nossos Servi\u00e7os desempenhem suas fun\u00e7\u00f5es b\u00e1sicas. Estes incluem cookies que s\u00e3o necess\u00e1rios para permitir que os utilizadores registados se autentiquem e executem fun\u00e7\u00f5es relacionadas com a conta, bem como para guardar o conte\u00fado de \u201ccarrinhos\u201d virtuais para funcionalidade de com\u00e9rcio eletr\u00f3nico.\n\u200b<\/li><li>An\u00e1lise e desempenho. Os cookies de desempenho coletam informa\u00e7\u00f5es sobre como os usu\u00e1rios interagem com nossos Servi\u00e7os, incluindo quais p\u00e1ginas s\u00e3o mais visitadas, bem como outros dados anal\u00edticos. Usamos esses detalhes para melhorar o funcionamento de nossos Servi\u00e7os e para entender como os usu\u00e1rios interagem com nossos Servi\u00e7os.<\/li><li>Esses cookies s\u00e3o usados para armazenar prefer\u00eancias definidas pelos usu\u00e1rios, como nome da conta, idioma e localiza\u00e7\u00e3o.<\/li><li>Utilizamos estes cookies para ajudar a identificar e prevenir potenciais riscos de seguran\u00e7a.<\/li><li>Esses cookies s\u00e3o usados para exibir publicidade relevante aos usu\u00e1rios que utilizam nossos Servi\u00e7os, bem como para compreender e relatar a efic\u00e1cia dos an\u00fancios veiculados em nossos Servi\u00e7os. Eles rastreiam detalhes como o n\u00famero de visitantes \u00fanicos, o n\u00famero de vezes que determinados an\u00fancios foram exibidos e o n\u00famero de cliques que os an\u00fancios receberam. Eles tamb\u00e9m s\u00e3o usados para criar perfis de usu\u00e1rio, incluindo a exibi\u00e7\u00e3o de an\u00fancios com base em produtos ou servi\u00e7os que voc\u00ea visualizou ou a\u00e7\u00f5es que voc\u00ea realizou em nossos (e outros) sites e servi\u00e7os. Eles s\u00e3o definidos por n\u00f3s e por redes de terceiros confi\u00e1veis e geralmente s\u00e3o de natureza persistente.<\/li><li>Conte\u00fado de terceiros\/incorporado. Os servi\u00e7os hospedados por n\u00f3s utilizam diferentes aplicativos e servi\u00e7os de terceiros para aprimorar a experi\u00eancia dos visitantes do Servi\u00e7o. Estas incluem plataformas de redes sociais como o Facebook e o Twitter (atrav\u00e9s da utiliza\u00e7\u00e3o de bot\u00f5es de partilha). Como resultado, os cookies podem ser definidos por esses terceiros e utilizados por eles para rastrear a sua atividade online. N\u00e3o temos controle direto sobre as informa\u00e7\u00f5es coletadas por esses cookies.<\/li><\/ul><h4>Controlando Cookies<\/h4><p>Voc\u00ea pode restringir o uso de cookies ou impedir completamente que eles sejam configurados. A maioria dos navegadores modernos permite que voc\u00ea altere as configura\u00e7\u00f5es de cookies. Geralmente voc\u00ea pode encontrar essas configura\u00e7\u00f5es no menu de op\u00e7\u00f5es ou prefer\u00eancias do seu navegador. Para entender essas configura\u00e7\u00f5es, os seguintes links para navegadores comumente usados podem ser \u00fateis, ou voc\u00ea pode usar a op\u00e7\u00e3o de ajuda do seu navegador para obter mais detalhes:<\/p><ul><li>Configura\u00e7\u00f5es de cookies no Internet Explorer<\/li><li>Configura\u00e7\u00f5es de cookies no Firefox<\/li><li>Configura\u00e7\u00f5es de cookies no Chrome<\/li><li>Configura\u00e7\u00f5es de cookies no Safari web e iOS<\/li><\/ul><p>Se voc\u00ea desativar os cookies, esteja ciente de que alguns recursos dos nossos Servi\u00e7os podem n\u00e3o funcionar corretamente.<\/p><p>Para obter mais detalhes sobre suas escolhas em rela\u00e7\u00e3o ao uso de sua atividade de navega\u00e7\u00e3o na web para publicidade baseada em interesses, voc\u00ea pode visitar os seguintes sites:<\/p><ul><li>org<\/li><li>aboutads.info<\/li><li>com<\/li><li>eu<\/li><\/ul><p>Em um dispositivo m\u00f3vel, voc\u00ea tamb\u00e9m pode ajustar suas configura\u00e7\u00f5es para limitar o rastreamento de an\u00fancios.<\/p><p>Voc\u00ea pode desativar o Google Analytics instalando o complemento do navegador para desativa\u00e7\u00e3o do Google.<\/p><h4>N\u00e3o rastreie sinais<\/h4><p>Geralmente, atualmente n\u00e3o respondemos nem tomamos qualquer a\u00e7\u00e3o em rela\u00e7\u00e3o aos sinais de \u201cn\u00e3o rastrear\u201d do navegador da web ou outros mecanismos que forne\u00e7am aos consumidores a capacidade de exercer escolha em rela\u00e7\u00e3o \u00e0 coleta de informa\u00e7\u00f5es pessoais sobre as atividades on-line de um indiv\u00edduo ao longo do tempo e ao longo do tempo. sites de terceiros ou servi\u00e7os online. No entanto, em alguns casos, nossos prestadores de servi\u00e7os terceirizados que se integram aos nossos Servi\u00e7os respeitam os sinais Do Not Track.<\/p><h4>Consentimento para cookies de publicidade em nossos sites<\/h4><p>Voc\u00ea poder\u00e1 ver um \u201cbanner de cookie\u201d em nossos sites. Se voc\u00ea estiver visitando um de nossos servi\u00e7os na UE\/EEE, n\u00e3o definimos nem permitimos que nossos parceiros de publicidade definam cookies que s\u00e3o usados para mostrar an\u00fancios direcionados antes de voc\u00ea clicar para aceitar. Quando voc\u00ea consente desta forma, n\u00f3s e nossos parceiros de publicidade poderemos definir cookies de publicidade no site ou outro Servi\u00e7o que voc\u00ea est\u00e1 visitando e em outros de nossos sites, pain\u00e9is e servi\u00e7os. Mostraremos o banner periodicamente, caso voc\u00ea mude de ideia.<\/p>\t\t\t\t\t\t\t\t<\/div>\n\t\t\t\t<\/div>\n\t\t\t\t\t<\/div>\n\t\t<\/div>\n\t\t\t\t\t<\/div>\n\t\t<\/section>\n\t\t\t\t<\/div>","protected":false},"excerpt":{"rendered":"<p>What are Cookies? Cookies are small pieces of data, stored in text files, that are stored on your computer or other device when websites are loaded in a&hellip;<\/p>","protected":false},"author":1,"featured_media":0,"parent":0,"menu_order":0,"comment_status":"closed","ping_status":"closed","template":"","meta":{"footnotes":""},"class_list":["post-33130","page","type-page","status-publish","hentry"],"yoast_head":"<!-- This site is optimized with the Yoast SEO plugin v26.9 - https:\/\/yoast.com\/product\/yoast-seo-wordpress\/ -->\n<title>Cookie Policy - Saravia Law<\/title>\n<meta name=\"robots\" content=\"index, follow, max-snippet:-1, max-image-preview:large, max-video-preview:-1\" \/>\n<link rel=\"canonical\" href=\"https:\/\/saravialaw.com\/pt\/cookie-policy\/\" \/>\n<meta property=\"og:locale\" content=\"pt_PT\" \/>\n<meta property=\"og:type\" content=\"article\" \/>\n<meta property=\"og:title\" content=\"Cookie Policy - Saravia Law\" \/>\n<meta property=\"og:description\" content=\"What are Cookies? Cookies are small pieces of data, stored in text files, that are stored on your computer or other device when websites are loaded in a&hellip;\" \/>\n<meta property=\"og:url\" content=\"https:\/\/saravialaw.com\/pt\/cookie-policy\/\" \/>\n<meta property=\"og:site_name\" content=\"Saravia Law\" \/>\n<meta property=\"article:modified_time\" content=\"2023-07-29T09:56:15+00:00\" \/>\n<meta name=\"twitter:card\" content=\"summary_large_image\" \/>\n<meta name=\"twitter:label1\" content=\"Tempo estimado de leitura\" \/>\n\t<meta name=\"twitter:data1\" content=\"6 minutos\" \/>\n<script type=\"application\/ld+json\" class=\"yoast-schema-graph\">{\"@context\":\"https:\/\/schema.org\",\"@graph\":[{\"@type\":\"WebPage\",\"@id\":\"https:\/\/saravialaw.com\/cookie-policy\/\",\"url\":\"https:\/\/saravialaw.com\/cookie-policy\/\",\"name\":\"Cookie Policy - Saravia Law\",\"isPartOf\":{\"@id\":\"https:\/\/saravialaw.com\/#website\"},\"datePublished\":\"2023-07-29T09:15:15+00:00\",\"dateModified\":\"2023-07-29T09:56:15+00:00\",\"breadcrumb\":{\"@id\":\"https:\/\/saravialaw.com\/cookie-policy\/#breadcrumb\"},\"inLanguage\":\"pt-PT\",\"potentialAction\":[{\"@type\":\"ReadAction\",\"target\":[\"https:\/\/saravialaw.com\/cookie-policy\/\"]}]},{\"@type\":\"BreadcrumbList\",\"@id\":\"https:\/\/saravialaw.com\/cookie-policy\/#breadcrumb\",\"itemListElement\":[{\"@type\":\"ListItem\",\"position\":1,\"name\":\"Home\",\"item\":\"https:\/\/saravialaw.com\/\"},{\"@type\":\"ListItem\",\"position\":2,\"name\":\"Cookie Policy\"}]},{\"@type\":\"WebSite\",\"@id\":\"https:\/\/saravialaw.com\/#website\",\"url\":\"https:\/\/saravialaw.com\/\",\"name\":\"Saravia Law\",\"description\":\"Immigration, Estate Planning and Probate, Criminal Law, Divorce and Family Law\",\"publisher\":{\"@id\":\"https:\/\/saravialaw.com\/#organization\"},\"potentialAction\":[{\"@type\":\"SearchAction\",\"target\":{\"@type\":\"EntryPoint\",\"urlTemplate\":\"https:\/\/saravialaw.com\/?s={search_term_string}\"},\"query-input\":{\"@type\":\"PropertyValueSpecification\",\"valueRequired\":true,\"valueName\":\"search_term_string\"}}],\"inLanguage\":\"pt-PT\"},{\"@type\":\"Organization\",\"@id\":\"https:\/\/saravialaw.com\/#organization\",\"name\":\"Saravia Law\",\"url\":\"https:\/\/saravialaw.com\/\",\"logo\":{\"@type\":\"ImageObject\",\"inLanguage\":\"pt-PT\",\"@id\":\"https:\/\/saravialaw.com\/#\/schema\/logo\/image\/\",\"url\":\"https:\/\/saravialaw.com\/wp-content\/uploads\/2023\/07\/Saravia-logo-web.png\",\"contentUrl\":\"https:\/\/saravialaw.com\/wp-content\/uploads\/2023\/07\/Saravia-logo-web.png\",\"width\":400,\"height\":150,\"caption\":\"Saravia Law\"},\"image\":{\"@id\":\"https:\/\/saravialaw.com\/#\/schema\/logo\/image\/\"}}]}<\/script>\n<!-- \/ Yoast SEO plugin. -->","yoast_head_json":{"title":"Cookie Policy - Saravia Law","robots":{"index":"index","follow":"follow","max-snippet":"max-snippet:-1","max-image-preview":"max-image-preview:large","max-video-preview":"max-video-preview:-1"},"canonical":"https:\/\/saravialaw.com\/pt\/cookie-policy\/","og_locale":"pt_PT","og_type":"article","og_title":"Cookie Policy - Saravia Law","og_description":"What are Cookies? Cookies are small pieces of data, stored in text files, that are stored on your computer or other device when websites are loaded in a&hellip;","og_url":"https:\/\/saravialaw.com\/pt\/cookie-policy\/","og_site_name":"Saravia Law","article_modified_time":"2023-07-29T09:56:15+00:00","twitter_card":"summary_large_image","twitter_misc":{"Tempo estimado de leitura":"6 minutos"},"schema":{"@context":"https:\/\/schema.org","@graph":[{"@type":"WebPage","@id":"https:\/\/saravialaw.com\/cookie-policy\/","url":"https:\/\/saravialaw.com\/cookie-policy\/","name":"Cookie Policy - Saravia Law","isPartOf":{"@id":"https:\/\/saravialaw.com\/#website"},"datePublished":"2023-07-29T09:15:15+00:00","dateModified":"2023-07-29T09:56:15+00:00","breadcrumb":{"@id":"https:\/\/saravialaw.com\/cookie-policy\/#breadcrumb"},"inLanguage":"pt-PT","potentialAction":[{"@type":"ReadAction","target":["https:\/\/saravialaw.com\/cookie-policy\/"]}]},{"@type":"BreadcrumbList","@id":"https:\/\/saravialaw.com\/cookie-policy\/#breadcrumb","itemListElement":[{"@type":"ListItem","position":1,"name":"Home","item":"https:\/\/saravialaw.com\/"},{"@type":"ListItem","position":2,"name":"Cookie Policy"}]},{"@type":"WebSite","@id":"https:\/\/saravialaw.com\/#website","url":"https:\/\/saravialaw.com\/","name":"Saravia Law","description":"Immigration, Estate Planning and Probate, Criminal Law, Divorce and Family Law","publisher":{"@id":"https:\/\/saravialaw.com\/#organization"},"potentialAction":[{"@type":"SearchAction","target":{"@type":"EntryPoint","urlTemplate":"https:\/\/saravialaw.com\/?s={search_term_string}"},"query-input":{"@type":"PropertyValueSpecification","valueRequired":true,"valueName":"search_term_string"}}],"inLanguage":"pt-PT"},{"@type":"Organization","@id":"https:\/\/saravialaw.com\/#organization","name":"Saravia Law","url":"https:\/\/saravialaw.com\/","logo":{"@type":"ImageObject","inLanguage":"pt-PT","@id":"https:\/\/saravialaw.com\/#\/schema\/logo\/image\/","url":"https:\/\/saravialaw.com\/wp-content\/uploads\/2023\/07\/Saravia-logo-web.png","contentUrl":"https:\/\/saravialaw.com\/wp-content\/uploads\/2023\/07\/Saravia-logo-web.png","width":400,"height":150,"caption":"Saravia Law"},"image":{"@id":"https:\/\/saravialaw.com\/#\/schema\/logo\/image\/"}}]}},"_links":{"self":[{"href":"https:\/\/saravialaw.com\/pt\/wp-json\/wp\/v2\/pages\/33130","targetHints":{"allow":["GET"]}}],"collection":[{"href":"https:\/\/saravialaw.com\/pt\/wp-json\/wp\/v2\/pages"}],"about":[{"href":"https:\/\/saravialaw.com\/pt\/wp-json\/wp\/v2\/types\/page"}],"author":[{"embeddable":true,"href":"https:\/\/saravialaw.com\/pt\/wp-json\/wp\/v2\/users\/1"}],"replies":[{"embeddable":true,"href":"https:\/\/saravialaw.com\/pt\/wp-json\/wp\/v2\/comments?post=33130"}],"version-history":[{"count":31,"href":"https:\/\/saravialaw.com\/pt\/wp-json\/wp\/v2\/pages\/33130\/revisions"}],"predecessor-version":[{"id":33200,"href":"https:\/\/saravialaw.com\/pt\/wp-json\/wp\/v2\/pages\/33130\/revisions\/33200"}],"wp:attachment":[{"href":"https:\/\/saravialaw.com\/pt\/wp-json\/wp\/v2\/media?parent=33130"}],"curies":[{"name":"wp","href":"https:\/\/api.w.org\/{rel}","templated":true}]}}