{"id":33461,"date":"2023-07-29T18:42:24","date_gmt":"2023-07-29T18:42:24","guid":{"rendered":"https:\/\/saravialaw.com\/?page_id=33461"},"modified":"2023-07-29T19:39:33","modified_gmt":"2023-07-29T19:39:33","slug":"lgbtq-community","status":"publish","type":"page","link":"https:\/\/saravialaw.com\/es\/lgbtq-community\/","title":{"rendered":"LGBTQ+ Community"},"content":{"rendered":"<div data-elementor-type=\"wp-page\" data-elementor-id=\"33461\" class=\"elementor elementor-33461\" data-elementor-post-type=\"page\">\n\t\t\t\t\t\t<section class=\"elementor-section elementor-top-section elementor-element elementor-element-e294c26 elementor-section-boxed elementor-section-height-default elementor-section-height-default sc_fly_static\" data-id=\"e294c26\" data-element_type=\"section\" data-settings=\"{&quot;background_background&quot;:&quot;classic&quot;}\">\n\t\t\t\t\t\t\t<div class=\"elementor-background-overlay\"><\/div>\n\t\t\t\t\t\t\t<div class=\"elementor-container elementor-column-gap-extended\">\n\t\t\t\t\t<div class=\"elementor-column elementor-col-100 elementor-top-column elementor-element elementor-element-ca7b38f sc_content_align_inherit sc_layouts_column_icons_position_left sc_fly_static\" data-id=\"ca7b38f\" data-element_type=\"column\">\n\t\t\t<div class=\"elementor-widget-wrap elementor-element-populated\">\n\t\t\t\t\t\t\t<\/div>\n\t\t<\/div>\n\t\t\t\t\t<\/div>\n\t\t<\/section>\n\t\t\t\t<section class=\"elementor-section elementor-top-section elementor-element elementor-element-088bb2c elementor-section-stretched elementor-section-content-middle elementor-section-boxed elementor-section-height-default elementor-section-height-default sc_fly_static\" data-id=\"088bb2c\" data-element_type=\"section\" data-settings=\"{&quot;stretch_section&quot;:&quot;section-stretched&quot;,&quot;background_background&quot;:&quot;classic&quot;}\">\n\t\t\t\t\t\t<div class=\"elementor-container elementor-column-gap-extended\">\n\t\t\t\t\t<div class=\"elementor-column elementor-col-50 elementor-top-column elementor-element elementor-element-ee3b5c9 sc_content_align_inherit sc_layouts_column_icons_position_left sc_fly_static\" data-id=\"ee3b5c9\" data-element_type=\"column\" data-settings=\"{&quot;background_background&quot;:&quot;classic&quot;}\">\n\t\t\t<div class=\"elementor-widget-wrap elementor-element-populated\">\n\t\t\t\t\t\t<div class=\"elementor-element elementor-element-82a4696 sc_fly_static elementor-widget elementor-widget-spacer\" data-id=\"82a4696\" data-element_type=\"widget\" data-widget_type=\"spacer.default\">\n\t\t\t\t<div class=\"elementor-widget-container\">\n\t\t\t\t\t\t\t<div class=\"elementor-spacer\">\n\t\t\t<div class=\"elementor-spacer-inner\"><\/div>\n\t\t<\/div>\n\t\t\t\t\t\t<\/div>\n\t\t\t\t<\/div>\n\t\t\t\t\t<\/div>\n\t\t<\/div>\n\t\t\t\t<div class=\"elementor-column elementor-col-50 elementor-top-column elementor-element elementor-element-7dd9ced sc_content_align_inherit sc_layouts_column_icons_position_left sc_fly_static\" data-id=\"7dd9ced\" data-element_type=\"column\">\n\t\t\t<div class=\"elementor-widget-wrap elementor-element-populated\">\n\t\t\t\t\t\t<div class=\"elementor-element elementor-element-e251b3f sc_fly_static elementor-widget elementor-widget-text-editor\" data-id=\"e251b3f\" data-element_type=\"widget\" data-widget_type=\"text-editor.default\">\n\t\t\t\t<div class=\"elementor-widget-container\">\n\t\t\t\t\t\t\t\t\t<h4>Proudly Serving Individuals, Families And The LGBTQ+ Community<\/h4><p>Whether you are looking to bring loved ones to the U.S., need help obtaining a divorce or wish to create an estate plan for your family\u2019s future, you probably feel overwhelmed by the process. No matter what your question is, the answer is always long and involved. Finding someone who can make this entire process easier to understand is essential when looking for a lawyer to help you with your legal needs.<\/p><p>I\u2019m Elmer Saravia, and I provide the skilled, technical assistance you need when dealing with family law, estate planning, business, or immigration matters. At my law firm, I work directly with you to develop a customized strategy that actually takes into account your specific goals. We work together, and you will be a vital part of your case at all times.<\/p>\t\t\t\t\t\t\t\t<\/div>\n\t\t\t\t<\/div>\n\t\t\t\t\t<\/div>\n\t\t<\/div>\n\t\t\t\t\t<\/div>\n\t\t<\/section>\n\t\t\t\t<section class=\"elementor-section elementor-top-section elementor-element elementor-element-342e0f3 elementor-section-stretched elementor-section-content-middle elementor-reverse-mobile elementor-section-boxed elementor-section-height-default elementor-section-height-default sc_fly_static\" data-id=\"342e0f3\" data-element_type=\"section\" data-settings=\"{&quot;stretch_section&quot;:&quot;section-stretched&quot;,&quot;background_background&quot;:&quot;classic&quot;}\">\n\t\t\t\t\t\t<div class=\"elementor-container elementor-column-gap-extended\">\n\t\t\t\t\t<div class=\"elementor-column elementor-col-50 elementor-top-column elementor-element elementor-element-c209639 sc_content_align_inherit sc_layouts_column_icons_position_left sc_fly_static\" data-id=\"c209639\" data-element_type=\"column\">\n\t\t\t<div class=\"elementor-widget-wrap elementor-element-populated\">\n\t\t\t\t\t\t<div class=\"elementor-element elementor-element-ad37d4b sc_fly_static elementor-widget elementor-widget-text-editor\" data-id=\"ad37d4b\" data-element_type=\"widget\" data-widget_type=\"text-editor.default\">\n\t\t\t\t<div class=\"elementor-widget-container\">\n\t\t\t\t\t\t\t\t\t<h4>Asistencia para la comunidad LGBTQ+<\/h4><p>Los asuntos de derecho de familia para los miembros de la comunidad LGBTQ+ pueden volverse un poco m\u00e1s complicados en algunas situaciones. Como persona no binaria (mis pronombres son xe\/xer\/xers), estoy familiarizado con los problemas que pueden surgir en estos casos. Brindo representaci\u00f3n personalizada, enfoc\u00e1ndome en resolver los problemas que realmente le importan. Estar\u00e9 all\u00ed, a su lado, durante todo su caso, para ayudarle a seguir adelante.<\/p>\t\t\t\t\t\t\t\t<\/div>\n\t\t\t\t<\/div>\n\t\t\t\t\t<\/div>\n\t\t<\/div>\n\t\t\t\t<div class=\"elementor-column elementor-col-50 elementor-top-column elementor-element elementor-element-bdd3dd5 sc_content_align_inherit sc_layouts_column_icons_position_left sc_fly_static\" data-id=\"bdd3dd5\" data-element_type=\"column\" data-settings=\"{&quot;background_background&quot;:&quot;classic&quot;}\">\n\t\t\t<div class=\"elementor-widget-wrap elementor-element-populated\">\n\t\t\t\t\t\t<div class=\"elementor-element elementor-element-ea16695 sc_fly_static elementor-widget elementor-widget-spacer\" data-id=\"ea16695\" data-element_type=\"widget\" data-widget_type=\"spacer.default\">\n\t\t\t\t<div class=\"elementor-widget-container\">\n\t\t\t\t\t\t\t<div class=\"elementor-spacer\">\n\t\t\t<div class=\"elementor-spacer-inner\"><\/div>\n\t\t<\/div>\n\t\t\t\t\t\t<\/div>\n\t\t\t\t<\/div>\n\t\t\t\t\t<\/div>\n\t\t<\/div>\n\t\t\t\t\t<\/div>\n\t\t<\/section>\n\t\t\t\t<\/div>","protected":false},"excerpt":{"rendered":"<p>Proudly Serving Individuals, Families And The LGBTQ+ Community Whether you are looking to bring loved ones to the U.S., need help obtaining a divorce or wish to create&hellip;<\/p>","protected":false},"author":1,"featured_media":0,"parent":0,"menu_order":0,"comment_status":"closed","ping_status":"closed","template":"","meta":{"footnotes":""},"class_list":["post-33461","page","type-page","status-publish","hentry"],"yoast_head":"<!-- This site is optimized with the Yoast SEO plugin v26.9 - https:\/\/yoast.com\/product\/yoast-seo-wordpress\/ -->\n<title>LGBTQ+ Community - Saravia Law<\/title>\n<meta name=\"robots\" content=\"index, follow, max-snippet:-1, max-image-preview:large, max-video-preview:-1\" \/>\n<link rel=\"canonical\" href=\"https:\/\/saravialaw.com\/es\/lgbtq-community\/\" \/>\n<meta property=\"og:locale\" content=\"es_ES\" \/>\n<meta property=\"og:type\" content=\"article\" \/>\n<meta property=\"og:title\" content=\"LGBTQ+ Community - Saravia Law\" \/>\n<meta property=\"og:description\" content=\"Proudly Serving Individuals, Families And The LGBTQ+ Community Whether you are looking to bring loved ones to the U.S., need help obtaining a divorce or wish to create&hellip;\" \/>\n<meta property=\"og:url\" content=\"https:\/\/saravialaw.com\/es\/lgbtq-community\/\" \/>\n<meta property=\"og:site_name\" content=\"Saravia Law\" \/>\n<meta property=\"article:modified_time\" content=\"2023-07-29T19:39:33+00:00\" \/>\n<meta name=\"twitter:card\" content=\"summary_large_image\" \/>\n<meta name=\"twitter:label1\" content=\"Tiempo de lectura\" \/>\n\t<meta name=\"twitter:data1\" content=\"1 minuto\" \/>\n<script type=\"application\/ld+json\" class=\"yoast-schema-graph\">{\"@context\":\"https:\/\/schema.org\",\"@graph\":[{\"@type\":\"WebPage\",\"@id\":\"https:\/\/saravialaw.com\/lgbtq-community\/\",\"url\":\"https:\/\/saravialaw.com\/lgbtq-community\/\",\"name\":\"LGBTQ+ Community - Saravia Law\",\"isPartOf\":{\"@id\":\"https:\/\/saravialaw.com\/#website\"},\"datePublished\":\"2023-07-29T18:42:24+00:00\",\"dateModified\":\"2023-07-29T19:39:33+00:00\",\"breadcrumb\":{\"@id\":\"https:\/\/saravialaw.com\/lgbtq-community\/#breadcrumb\"},\"inLanguage\":\"es\",\"potentialAction\":[{\"@type\":\"ReadAction\",\"target\":[\"https:\/\/saravialaw.com\/lgbtq-community\/\"]}]},{\"@type\":\"BreadcrumbList\",\"@id\":\"https:\/\/saravialaw.com\/lgbtq-community\/#breadcrumb\",\"itemListElement\":[{\"@type\":\"ListItem\",\"position\":1,\"name\":\"Home\",\"item\":\"https:\/\/saravialaw.com\/\"},{\"@type\":\"ListItem\",\"position\":2,\"name\":\"LGBTQ+ Community\"}]},{\"@type\":\"WebSite\",\"@id\":\"https:\/\/saravialaw.com\/#website\",\"url\":\"https:\/\/saravialaw.com\/\",\"name\":\"Saravia Law\",\"description\":\"Immigration, Estate Planning and Probate, Criminal Law, Divorce and Family Law\",\"publisher\":{\"@id\":\"https:\/\/saravialaw.com\/#organization\"},\"potentialAction\":[{\"@type\":\"SearchAction\",\"target\":{\"@type\":\"EntryPoint\",\"urlTemplate\":\"https:\/\/saravialaw.com\/?s={search_term_string}\"},\"query-input\":{\"@type\":\"PropertyValueSpecification\",\"valueRequired\":true,\"valueName\":\"search_term_string\"}}],\"inLanguage\":\"es\"},{\"@type\":\"Organization\",\"@id\":\"https:\/\/saravialaw.com\/#organization\",\"name\":\"Saravia Law\",\"url\":\"https:\/\/saravialaw.com\/\",\"logo\":{\"@type\":\"ImageObject\",\"inLanguage\":\"es\",\"@id\":\"https:\/\/saravialaw.com\/#\/schema\/logo\/image\/\",\"url\":\"https:\/\/saravialaw.com\/wp-content\/uploads\/2023\/07\/Saravia-logo-web.png\",\"contentUrl\":\"https:\/\/saravialaw.com\/wp-content\/uploads\/2023\/07\/Saravia-logo-web.png\",\"width\":400,\"height\":150,\"caption\":\"Saravia Law\"},\"image\":{\"@id\":\"https:\/\/saravialaw.com\/#\/schema\/logo\/image\/\"}}]}<\/script>\n<!-- \/ Yoast SEO plugin. -->","yoast_head_json":{"title":"LGBTQ+ Community - Saravia Law","robots":{"index":"index","follow":"follow","max-snippet":"max-snippet:-1","max-image-preview":"max-image-preview:large","max-video-preview":"max-video-preview:-1"},"canonical":"https:\/\/saravialaw.com\/es\/lgbtq-community\/","og_locale":"es_ES","og_type":"article","og_title":"LGBTQ+ Community - Saravia Law","og_description":"Proudly Serving Individuals, Families And The LGBTQ+ Community Whether you are looking to bring loved ones to the U.S., need help obtaining a divorce or wish to create&hellip;","og_url":"https:\/\/saravialaw.com\/es\/lgbtq-community\/","og_site_name":"Saravia Law","article_modified_time":"2023-07-29T19:39:33+00:00","twitter_card":"summary_large_image","twitter_misc":{"Tiempo de lectura":"1 minuto"},"schema":{"@context":"https:\/\/schema.org","@graph":[{"@type":"WebPage","@id":"https:\/\/saravialaw.com\/lgbtq-community\/","url":"https:\/\/saravialaw.com\/lgbtq-community\/","name":"LGBTQ+ Community - Saravia Law","isPartOf":{"@id":"https:\/\/saravialaw.com\/#website"},"datePublished":"2023-07-29T18:42:24+00:00","dateModified":"2023-07-29T19:39:33+00:00","breadcrumb":{"@id":"https:\/\/saravialaw.com\/lgbtq-community\/#breadcrumb"},"inLanguage":"es","potentialAction":[{"@type":"ReadAction","target":["https:\/\/saravialaw.com\/lgbtq-community\/"]}]},{"@type":"BreadcrumbList","@id":"https:\/\/saravialaw.com\/lgbtq-community\/#breadcrumb","itemListElement":[{"@type":"ListItem","position":1,"name":"Home","item":"https:\/\/saravialaw.com\/"},{"@type":"ListItem","position":2,"name":"LGBTQ+ Community"}]},{"@type":"WebSite","@id":"https:\/\/saravialaw.com\/#website","url":"https:\/\/saravialaw.com\/","name":"Saravia Law","description":"Immigration, Estate Planning and Probate, Criminal Law, Divorce and Family Law","publisher":{"@id":"https:\/\/saravialaw.com\/#organization"},"potentialAction":[{"@type":"SearchAction","target":{"@type":"EntryPoint","urlTemplate":"https:\/\/saravialaw.com\/?s={search_term_string}"},"query-input":{"@type":"PropertyValueSpecification","valueRequired":true,"valueName":"search_term_string"}}],"inLanguage":"es"},{"@type":"Organization","@id":"https:\/\/saravialaw.com\/#organization","name":"Saravia Law","url":"https:\/\/saravialaw.com\/","logo":{"@type":"ImageObject","inLanguage":"es","@id":"https:\/\/saravialaw.com\/#\/schema\/logo\/image\/","url":"https:\/\/saravialaw.com\/wp-content\/uploads\/2023\/07\/Saravia-logo-web.png","contentUrl":"https:\/\/saravialaw.com\/wp-content\/uploads\/2023\/07\/Saravia-logo-web.png","width":400,"height":150,"caption":"Saravia Law"},"image":{"@id":"https:\/\/saravialaw.com\/#\/schema\/logo\/image\/"}}]}},"_links":{"self":[{"href":"https:\/\/saravialaw.com\/es\/wp-json\/wp\/v2\/pages\/33461","targetHints":{"allow":["GET"]}}],"collection":[{"href":"https:\/\/saravialaw.com\/es\/wp-json\/wp\/v2\/pages"}],"about":[{"href":"https:\/\/saravialaw.com\/es\/wp-json\/wp\/v2\/types\/page"}],"author":[{"embeddable":true,"href":"https:\/\/saravialaw.com\/es\/wp-json\/wp\/v2\/users\/1"}],"replies":[{"embeddable":true,"href":"https:\/\/saravialaw.com\/es\/wp-json\/wp\/v2\/comments?post=33461"}],"version-history":[{"count":14,"href":"https:\/\/saravialaw.com\/es\/wp-json\/wp\/v2\/pages\/33461\/revisions"}],"predecessor-version":[{"id":33542,"href":"https:\/\/saravialaw.com\/es\/wp-json\/wp\/v2\/pages\/33461\/revisions\/33542"}],"wp:attachment":[{"href":"https:\/\/saravialaw.com\/es\/wp-json\/wp\/v2\/media?parent=33461"}],"curies":[{"name":"wp","href":"https:\/\/api.w.org\/{rel}","templated":true}]}}