{"id":33130,"date":"2023-07-29T09:15:15","date_gmt":"2023-07-29T09:15:15","guid":{"rendered":"https:\/\/saravialaw.com\/?page_id=33130"},"modified":"2023-07-29T09:56:15","modified_gmt":"2023-07-29T09:56:15","slug":"cookie-policy","status":"publish","type":"page","link":"https:\/\/saravialaw.com\/es\/cookie-policy\/","title":{"rendered":"Pol\u00edtica de cookies"},"content":{"rendered":"<div data-elementor-type=\"wp-page\" data-elementor-id=\"33130\" class=\"elementor elementor-33130\" data-elementor-post-type=\"page\">\n\t\t\t\t\t\t<section class=\"elementor-section elementor-top-section elementor-element elementor-element-e294c26 elementor-section-boxed elementor-section-height-default elementor-section-height-default sc_fly_static\" data-id=\"e294c26\" data-element_type=\"section\" data-settings=\"{&quot;background_background&quot;:&quot;classic&quot;}\">\n\t\t\t\t\t\t\t<div class=\"elementor-background-overlay\"><\/div>\n\t\t\t\t\t\t\t<div class=\"elementor-container elementor-column-gap-extended\">\n\t\t\t\t\t<div class=\"elementor-column elementor-col-100 elementor-top-column elementor-element elementor-element-ca7b38f sc_content_align_inherit sc_layouts_column_icons_position_left sc_fly_static\" data-id=\"ca7b38f\" data-element_type=\"column\">\n\t\t\t<div class=\"elementor-widget-wrap elementor-element-populated\">\n\t\t\t\t\t\t\t<\/div>\n\t\t<\/div>\n\t\t\t\t\t<\/div>\n\t\t<\/section>\n\t\t\t\t<section class=\"elementor-section elementor-top-section elementor-element elementor-element-8008fa4 elementor-section-boxed elementor-section-height-default elementor-section-height-default sc_fly_static\" data-id=\"8008fa4\" data-element_type=\"section\" data-settings=\"{&quot;background_background&quot;:&quot;classic&quot;}\">\n\t\t\t\t\t\t<div class=\"elementor-container elementor-column-gap-extended\">\n\t\t\t\t\t<div class=\"elementor-column elementor-col-100 elementor-top-column elementor-element elementor-element-53b5347 sc_content_align_inherit sc_layouts_column_icons_position_left sc_fly_static\" data-id=\"53b5347\" data-element_type=\"column\">\n\t\t\t<div class=\"elementor-widget-wrap elementor-element-populated\">\n\t\t\t\t\t\t<div class=\"elementor-element elementor-element-30ce63c sc_fly_static elementor-widget elementor-widget-text-editor\" data-id=\"30ce63c\" data-element_type=\"widget\" data-widget_type=\"text-editor.default\">\n\t\t\t\t<div class=\"elementor-widget-container\">\n\t\t\t\t\t\t\t\t\t<h4>\u00bfQu\u00e9 son las cookies?<\/h4><p>Las cookies son peque\u00f1os fragmentos de datos, almacenados en archivos de texto, que se almacenan en su computadora u otro dispositivo cuando los sitios web se cargan en un navegador. Se utilizan ampliamente para \"recordar\" usted y sus preferencias, ya sea para una sola visita (a trav\u00e9s de una \"cookie de sesi\u00f3n\") o para m\u00faltiples visitas repetidas (utilizando una \"cookie persistente\"). Garantizan una experiencia coherente y eficiente para los visitantes y realizan funciones esenciales, como permitir que los usuarios se registren y permanezcan conectados. Las cookies pueden ser establecidas por el sitio que est\u00e1 visitando (conocidas como \u201ccookies de origen\u201d) o por terceros. , como aquellos que sirven contenido o brindan publicidad o servicios de an\u00e1lisis en el sitio web (\u201ccookies de terceros\u201d).\n\u200b<\/p><p>Tanto los sitios web como los correos electr\u00f3nicos HTML tambi\u00e9n pueden contener otras tecnolog\u00edas de seguimiento, como \"balizas web\" o \"p\u00edxeles\". Suelen ser peque\u00f1as im\u00e1genes transparentes que nos proporcionan estad\u00edsticas, con fines similares a las cookies. A menudo se utilizan junto con las cookies, aunque no se almacenan en su ordenador del mismo modo que las cookies. Como resultado, si desactiva las cookies, es posible que las balizas web a\u00fan se carguen, pero su funcionalidad estar\u00e1 restringida.<\/p><p>Las cookies Flash, tambi\u00e9n conocidas como objetos compartidos locales, est\u00e1n dise\u00f1adas para admitir contenido del navegador compatible con Adobe\u00ae Flash. Por lo general, se utilizan para habilitar anuncios y contenido de video en sitios web. Al igual que otras cookies, almacenar\u00e1n informaci\u00f3n en su dispositivo, parte de la cual ser\u00e1 espec\u00edfica del contenido habilitado para Flash. Las cookies Flash s\u00f3lo se pueden eliminar dentro de Adobe Flash y no a trav\u00e9s de su navegador. Consulte la siguiente p\u00e1gina de ayuda para obtener informaci\u00f3n sobre c\u00f3mo administrar su configuraci\u00f3n de privacidad y eliminar las cookies Flash: http:\/\/www.macromedia.com\/support\/documentation\/en\/flashplayer\/help\/settings_manager.html.<\/p><h4>C\u00f3mo utilizamos las cookies<\/h4><p>Utilizamos cookies para varios prop\u00f3sitos diferentes. Algunas cookies son necesarias por motivos t\u00e9cnicos; algunos permiten una experiencia personalizada tanto para visitantes como para usuarios registrados; y algunos permiten la visualizaci\u00f3n de publicidad de redes de terceros seleccionadas. Algunas de estas cookies pueden configurarse cuando se carga una p\u00e1gina o cuando un usuario realiza una acci\u00f3n particular en uno de nuestros Servicios. Muchas de las cookies que utilizamos solo se configuran si usted es un usuario registrado, mientras que otras se configuran cada vez que visita o utiliza uno de nuestros Servicios (independientemente de si tiene una cuenta). Para obtener m\u00e1s informaci\u00f3n sobre las opciones que tiene sobre las cookies que utilizamos, consulte la Secci\u00f3n titulada Control de cookies a continuaci\u00f3n.<\/p><h4>D\u00f3nde colocamos las cookies<\/h4><p>Configuramos cookies en varias ubicaciones diferentes en nuestros servicios. Estas ubicaciones pueden incluir:<\/p><ul><li>Nuestros sitios web (incluidos tr.com y reuters.com) y otros Servicios;\n\u200b<\/li><li>Nuestras aplicaciones m\u00f3viles;<\/li><li>Los correos electr\u00f3nicos que enviamos.<\/li><\/ul><h4>Tipos de galletas<\/h4><p>Los puntos siguientes describen los tipos de cookies que utilizamos en nuestros Servicios y por qu\u00e9 las utilizamos. Tambi\u00e9n proporcionamos explicaciones de su(s) prop\u00f3sito(s).<\/p><ul><li>Estrictamente necesario. Estas cookies son esenciales para que nuestros Servicios realicen sus funciones b\u00e1sicas. Estas incluyen cookies que son necesarias para permitir a los usuarios registrados autenticarse y realizar funciones relacionadas con la cuenta, as\u00ed como para guardar el contenido de \"carritos\" virtuales para la funcionalidad de comercio electr\u00f3nico.<\/li><li>An\u00e1lisis y rendimiento. Las cookies de rendimiento recopilan informaci\u00f3n sobre c\u00f3mo los usuarios interact\u00faan con nuestros Servicios, incluidas las p\u00e1ginas m\u00e1s visitadas, as\u00ed como otros datos anal\u00edticos. Utilizamos estos detalles para mejorar el funcionamiento de nuestros Servicios y para comprender c\u00f3mo los usuarios interact\u00faan con nuestros Servicios.<\/li><li>Estas cookies se utilizan para almacenar preferencias establecidas por los usuarios, como nombre de cuenta, idioma y ubicaci\u00f3n.\n\u200b<\/li><li>Utilizamos estas cookies para ayudar a identificar y prevenir posibles riesgos de seguridad.\n\u200b<\/li><li>Estas cookies se utilizan para mostrar publicidad relevante a los usuarios que utilizan nuestros Servicios, as\u00ed como para comprender e informar sobre la eficacia de los anuncios publicados en nuestros Servicios. Realizan un seguimiento de detalles como la cantidad de visitantes \u00fanicos, la cantidad de veces que se han mostrado anuncios espec\u00edficos y la cantidad de clics que han recibido los anuncios. Tambi\u00e9n se utilizan para crear perfiles de usuario, lo que incluye mostrarle anuncios basados en productos o servicios que ha visto o actos que ha realizado en nuestros (y otros) sitios web y servicios. Estos los establecemos nosotros y redes de terceros confiables y, por lo general, son de naturaleza persistente.<\/li><li>Contenido de terceros\/integrado. Los servicios alojados por nosotros utilizan diferentes aplicaciones y servicios de terceros para mejorar la experiencia de los visitantes del Servicio. Estos incluyen plataformas de redes sociales como Facebook y Twitter (mediante el uso de botones para compartir). Como resultado, estos terceros pueden establecer cookies y utilizarlas para rastrear su actividad en l\u00ednea. No tenemos control directo sobre la informaci\u00f3n que recopilan estas cookies.<\/li><\/ul><h4>Controlar las cookies<\/h4><p>Es posible que desee restringir el uso de cookies o impedir por completo su instalaci\u00f3n. La mayor\u00eda de los navegadores modernos le permiten cambiar la configuraci\u00f3n de cookies. Generalmente puedes encontrar estas configuraciones en el men\u00fa de opciones o preferencias de tu navegador. Para comprender estas configuraciones, los siguientes enlaces para los navegadores m\u00e1s utilizados pueden resultar \u00fatiles, o puede utilizar la opci\u00f3n de ayuda de su navegador para obtener m\u00e1s detalles:<\/p><ul><li>Configuraci\u00f3n de cookies en Internet Explorer<\/li><li>Configuraci\u00f3n de cookies en Firefox<\/li><li>Configuraci\u00f3n de cookies en Chrome<\/li><li>Configuraci\u00f3n de cookies en Safari web e iOS<\/li><\/ul><p>Si desactiva las cookies, tenga en cuenta que algunas de las funciones de nuestros Servicios pueden no funcionar correctamente.<\/p><p>Para obtener m\u00e1s detalles sobre sus opciones con respecto al uso de su actividad de navegaci\u00f3n web para publicidad basada en intereses, puede visitar los siguientes sitios:\n\u200b<\/p><ul><li>org<\/li><li>aboutads.info<\/li><li>com<\/li><li>eu<\/li><\/ul><p>En un dispositivo m\u00f3vil, es posible que tambi\u00e9n deba ajustar su configuraci\u00f3n para limitar el seguimiento de anuncios.<\/p><p>Puede optar por no participar en Google Analytics instalando el complemento de exclusi\u00f3n voluntaria del navegador de Google.<\/p><h4>No rastrear se\u00f1ales<\/h4><p>En general, actualmente no respondemos ni tomamos ninguna medida con respecto a las se\u00f1ales de \u201cno rastrear\u201d del navegador web u otros mecanismos que brinden a los consumidores la capacidad de elegir con respecto a la recopilaci\u00f3n de informaci\u00f3n personal sobre las actividades en l\u00ednea de un individuo a lo largo del tiempo y a trav\u00e9s de sitios web de terceros o servicios en l\u00ednea. Sin embargo, en algunos casos, nuestros proveedores de servicios externos que se integran en nuestros Servicios respetan las se\u00f1ales de No rastrear.<\/p><h4>Consentimiento para cookies publicitarias en nuestros sitios<\/h4><p>Es posible que vea un \"banner de cookies\" en nuestros sitios web. Si est\u00e1 visitando uno de nuestros Servicios desde la UE\/EEE, no configuramos ni permitimos que nuestros socios publicitarios establezcan cookies que se utilizan para mostrarle anuncios dirigidos antes de que haga clic para aceptar. Cuando usted da su consentimiento de esta manera, nosotros y nuestros socios publicitarios podemos configurar cookies publicitarias en el sitio u otro Servicio que est\u00e1 visitando y en otros de nuestros sitios web, paneles y servicios. Le mostraremos el banner peri\u00f3dicamente, en caso de que cambie de opini\u00f3n.<\/p>\t\t\t\t\t\t\t\t<\/div>\n\t\t\t\t<\/div>\n\t\t\t\t\t<\/div>\n\t\t<\/div>\n\t\t\t\t\t<\/div>\n\t\t<\/section>\n\t\t\t\t<\/div>","protected":false},"excerpt":{"rendered":"<p>What are Cookies? Cookies are small pieces of data, stored in text files, that are stored on your computer or other device when websites are loaded in a&hellip;<\/p>","protected":false},"author":1,"featured_media":0,"parent":0,"menu_order":0,"comment_status":"closed","ping_status":"closed","template":"","meta":{"footnotes":""},"class_list":["post-33130","page","type-page","status-publish","hentry"],"yoast_head":"<!-- This site is optimized with the Yoast SEO plugin v26.9 - https:\/\/yoast.com\/product\/yoast-seo-wordpress\/ -->\n<title>Cookie Policy - Saravia Law<\/title>\n<meta name=\"robots\" content=\"index, follow, max-snippet:-1, max-image-preview:large, max-video-preview:-1\" \/>\n<link rel=\"canonical\" href=\"https:\/\/saravialaw.com\/es\/cookie-policy\/\" \/>\n<meta property=\"og:locale\" content=\"es_ES\" \/>\n<meta property=\"og:type\" content=\"article\" \/>\n<meta property=\"og:title\" content=\"Cookie Policy - Saravia Law\" \/>\n<meta property=\"og:description\" content=\"What are Cookies? Cookies are small pieces of data, stored in text files, that are stored on your computer or other device when websites are loaded in a&hellip;\" \/>\n<meta property=\"og:url\" content=\"https:\/\/saravialaw.com\/es\/cookie-policy\/\" \/>\n<meta property=\"og:site_name\" content=\"Saravia Law\" \/>\n<meta property=\"article:modified_time\" content=\"2023-07-29T09:56:15+00:00\" \/>\n<meta name=\"twitter:card\" content=\"summary_large_image\" \/>\n<meta name=\"twitter:label1\" content=\"Tiempo de lectura\" \/>\n\t<meta name=\"twitter:data1\" content=\"6 minutos\" \/>\n<script type=\"application\/ld+json\" class=\"yoast-schema-graph\">{\"@context\":\"https:\/\/schema.org\",\"@graph\":[{\"@type\":\"WebPage\",\"@id\":\"https:\/\/saravialaw.com\/cookie-policy\/\",\"url\":\"https:\/\/saravialaw.com\/cookie-policy\/\",\"name\":\"Cookie Policy - Saravia Law\",\"isPartOf\":{\"@id\":\"https:\/\/saravialaw.com\/#website\"},\"datePublished\":\"2023-07-29T09:15:15+00:00\",\"dateModified\":\"2023-07-29T09:56:15+00:00\",\"breadcrumb\":{\"@id\":\"https:\/\/saravialaw.com\/cookie-policy\/#breadcrumb\"},\"inLanguage\":\"es\",\"potentialAction\":[{\"@type\":\"ReadAction\",\"target\":[\"https:\/\/saravialaw.com\/cookie-policy\/\"]}]},{\"@type\":\"BreadcrumbList\",\"@id\":\"https:\/\/saravialaw.com\/cookie-policy\/#breadcrumb\",\"itemListElement\":[{\"@type\":\"ListItem\",\"position\":1,\"name\":\"Home\",\"item\":\"https:\/\/saravialaw.com\/\"},{\"@type\":\"ListItem\",\"position\":2,\"name\":\"Cookie Policy\"}]},{\"@type\":\"WebSite\",\"@id\":\"https:\/\/saravialaw.com\/#website\",\"url\":\"https:\/\/saravialaw.com\/\",\"name\":\"Saravia Law\",\"description\":\"Immigration, Estate Planning and Probate, Criminal Law, Divorce and Family Law\",\"publisher\":{\"@id\":\"https:\/\/saravialaw.com\/#organization\"},\"potentialAction\":[{\"@type\":\"SearchAction\",\"target\":{\"@type\":\"EntryPoint\",\"urlTemplate\":\"https:\/\/saravialaw.com\/?s={search_term_string}\"},\"query-input\":{\"@type\":\"PropertyValueSpecification\",\"valueRequired\":true,\"valueName\":\"search_term_string\"}}],\"inLanguage\":\"es\"},{\"@type\":\"Organization\",\"@id\":\"https:\/\/saravialaw.com\/#organization\",\"name\":\"Saravia Law\",\"url\":\"https:\/\/saravialaw.com\/\",\"logo\":{\"@type\":\"ImageObject\",\"inLanguage\":\"es\",\"@id\":\"https:\/\/saravialaw.com\/#\/schema\/logo\/image\/\",\"url\":\"https:\/\/saravialaw.com\/wp-content\/uploads\/2023\/07\/Saravia-logo-web.png\",\"contentUrl\":\"https:\/\/saravialaw.com\/wp-content\/uploads\/2023\/07\/Saravia-logo-web.png\",\"width\":400,\"height\":150,\"caption\":\"Saravia Law\"},\"image\":{\"@id\":\"https:\/\/saravialaw.com\/#\/schema\/logo\/image\/\"}}]}<\/script>\n<!-- \/ Yoast SEO plugin. -->","yoast_head_json":{"title":"Cookie Policy - Saravia Law","robots":{"index":"index","follow":"follow","max-snippet":"max-snippet:-1","max-image-preview":"max-image-preview:large","max-video-preview":"max-video-preview:-1"},"canonical":"https:\/\/saravialaw.com\/es\/cookie-policy\/","og_locale":"es_ES","og_type":"article","og_title":"Cookie Policy - Saravia Law","og_description":"What are Cookies? Cookies are small pieces of data, stored in text files, that are stored on your computer or other device when websites are loaded in a&hellip;","og_url":"https:\/\/saravialaw.com\/es\/cookie-policy\/","og_site_name":"Saravia Law","article_modified_time":"2023-07-29T09:56:15+00:00","twitter_card":"summary_large_image","twitter_misc":{"Tiempo de lectura":"6 minutos"},"schema":{"@context":"https:\/\/schema.org","@graph":[{"@type":"WebPage","@id":"https:\/\/saravialaw.com\/cookie-policy\/","url":"https:\/\/saravialaw.com\/cookie-policy\/","name":"Cookie Policy - Saravia Law","isPartOf":{"@id":"https:\/\/saravialaw.com\/#website"},"datePublished":"2023-07-29T09:15:15+00:00","dateModified":"2023-07-29T09:56:15+00:00","breadcrumb":{"@id":"https:\/\/saravialaw.com\/cookie-policy\/#breadcrumb"},"inLanguage":"es","potentialAction":[{"@type":"ReadAction","target":["https:\/\/saravialaw.com\/cookie-policy\/"]}]},{"@type":"BreadcrumbList","@id":"https:\/\/saravialaw.com\/cookie-policy\/#breadcrumb","itemListElement":[{"@type":"ListItem","position":1,"name":"Home","item":"https:\/\/saravialaw.com\/"},{"@type":"ListItem","position":2,"name":"Cookie Policy"}]},{"@type":"WebSite","@id":"https:\/\/saravialaw.com\/#website","url":"https:\/\/saravialaw.com\/","name":"Saravia Law","description":"Immigration, Estate Planning and Probate, Criminal Law, Divorce and Family Law","publisher":{"@id":"https:\/\/saravialaw.com\/#organization"},"potentialAction":[{"@type":"SearchAction","target":{"@type":"EntryPoint","urlTemplate":"https:\/\/saravialaw.com\/?s={search_term_string}"},"query-input":{"@type":"PropertyValueSpecification","valueRequired":true,"valueName":"search_term_string"}}],"inLanguage":"es"},{"@type":"Organization","@id":"https:\/\/saravialaw.com\/#organization","name":"Saravia Law","url":"https:\/\/saravialaw.com\/","logo":{"@type":"ImageObject","inLanguage":"es","@id":"https:\/\/saravialaw.com\/#\/schema\/logo\/image\/","url":"https:\/\/saravialaw.com\/wp-content\/uploads\/2023\/07\/Saravia-logo-web.png","contentUrl":"https:\/\/saravialaw.com\/wp-content\/uploads\/2023\/07\/Saravia-logo-web.png","width":400,"height":150,"caption":"Saravia Law"},"image":{"@id":"https:\/\/saravialaw.com\/#\/schema\/logo\/image\/"}}]}},"_links":{"self":[{"href":"https:\/\/saravialaw.com\/es\/wp-json\/wp\/v2\/pages\/33130","targetHints":{"allow":["GET"]}}],"collection":[{"href":"https:\/\/saravialaw.com\/es\/wp-json\/wp\/v2\/pages"}],"about":[{"href":"https:\/\/saravialaw.com\/es\/wp-json\/wp\/v2\/types\/page"}],"author":[{"embeddable":true,"href":"https:\/\/saravialaw.com\/es\/wp-json\/wp\/v2\/users\/1"}],"replies":[{"embeddable":true,"href":"https:\/\/saravialaw.com\/es\/wp-json\/wp\/v2\/comments?post=33130"}],"version-history":[{"count":31,"href":"https:\/\/saravialaw.com\/es\/wp-json\/wp\/v2\/pages\/33130\/revisions"}],"predecessor-version":[{"id":33200,"href":"https:\/\/saravialaw.com\/es\/wp-json\/wp\/v2\/pages\/33130\/revisions\/33200"}],"wp:attachment":[{"href":"https:\/\/saravialaw.com\/es\/wp-json\/wp\/v2\/media?parent=33130"}],"curies":[{"name":"wp","href":"https:\/\/api.w.org\/{rel}","templated":true}]}}